{"id":34,"date":"2023-09-27T19:39:55","date_gmt":"2023-09-27T19:39:55","guid":{"rendered":"https:\/\/casamateus.mx\/index.php\/processes\/"},"modified":"2025-02-25T20:33:48","modified_gmt":"2025-02-25T20:33:48","slug":"propiedades","status":"publish","type":"page","link":"https:\/\/casamateus.mx\/index.php\/propiedades\/","title":{"rendered":"Propiedades"},"content":{"rendered":"\n\n\n<h3>Propiedades disponibles<\/h3>\n\n<p style=\"text-align: center; \">A continuaci\u00f3n encontrar\u00e1s todas las propiedades disponibles ya sea para renta o venta aqu\u00ed en Casa Mateus y su informaci\u00f3n.<\/p>\n\n\n\n\n\n\n\n\n<h5>CASA CAIMITO&nbsp; -RENTA-<br><\/h5>\n\n<p style=\"text-align: center; \"><span style=\"font-family: Sen; font-weight: 700;\">Precio Renta $45,000 MXN<br>con mantenimiento incluido.<br><\/span><br>Propiedad en el Club de Golf La Ceiba<br><br>C\u00f3moda y funcional casa, reci\u00e9n remodelada, <br>lista para que te mudes. <br><br>Construida en 2 plantas, muy cerca de la Iglesia y el parque.<br><br><strong>PLANTA BAJA<br><\/strong>Sala, Comedor, 1\/2 ba\u00f1o de visitas, Cocina abierta y equipada con isla y cubiertas de granito. Terraza, Piscina con chapoteadero, Jard\u00edn adelante y atr\u00e1s, \u00c1rea de lavado, Cuarto de servicio con ba\u00f1o, Cochera techada para 2 autos y 4 sin techar.<br><br><strong>PLANTA ALTA<br><\/strong>Pasillo distribuidor de habitaciones, Cl\u00f3set de blancos, Rec\u00e1mara principal con vestidor y ba\u00f1o con doble lavabo, Rec\u00e1mara secundaria con vista al jard\u00edn y ba\u00f1o con tina, Rec\u00e1mara secundaria con vista a la calle, balc\u00f3n, closet y ba\u00f1o.<br><br><strong>EQUIPAMIENTO<br><\/strong>Ventiladores, Aire acondicionado en cocina, sala y habitaciones. Riego por aspersi\u00f3n. Todo es el\u00e9ctrico.<br><br><strong>CONDICIONES DE RENTA<br><\/strong>*Mes de dep\u00f3sito<br>*Mes de renta adelantada\n<br>*Aval con propiedad\n<br>*$ 6,000.00 convenio aproximadamente\n<br><br><strong><em>** Precio sujeto a cambio sin previo aviso.<br>** El precio de la propiedad no <br>incluye gastos notariales e impuestos.<br>** No incluye muebles.<br><br><\/em><\/strong><\/p>\n\n\n\n\n\n\n\n\n\n\n\n\n\n\n\n<h5>CASA EN PRADERAS DEL MAYAB<br><\/h5>\n\n<p style=\"text-align: center; \"><span style=\"font-family: Sen;\"><strong>Precio Venta $4,750,000 MXN<br><\/strong><\/span><span style=\"font-family: Sen;\">Terreno 335 m2 y Construcci\u00f3n 245 m2\n<br>Casa en 2 plantas.<br><\/span><span style=\"font-family: Sen;\"><br><strong>ABAJO<\/strong><br>Recibidor, Jard\u00edn interior, Estancia, Cocina equipada. <br>1 habitaci\u00f3n con ba\u00f1o (vista al jard\u00edn), Jard\u00edn Exterior, Alberca, \u00c1rea de lavado, Cochera para 2 autos, <br>Espacio bajo amplia escalera.<br><br>&nbsp;<strong>ARRIBA<\/strong><br><\/span><span style=\"font-family: Sen;\">Rec\u00e1mara principal con vestidor y ba\u00f1o.<\/span><br style=\"font-family: Sen;\"><span style=\"font-family: Sen;\">2 habitaciones secundarias con closet y ba\u00f1o.<br><br>&nbsp;<strong>AMENIDADES<\/strong><br>Casa Club, Piscina semi-ol\u00edmpica con carril de nado, Gimnasio, Parques lineales, Cafeter\u00eda y Seguridad 24\/7.<br><br><\/span><em style=\"font-family: Sen;\">** Precio sujeto a cambio sin previo aviso <br>&nbsp;** El precio de la propiedad no <br>incluye gastos notariales ni impuestos <br>&nbsp;**No incluye muebles.<br>**El precio final puede variar seg\u00fan <br>el m\u00e9todo de pago que se elija.<br><br><\/em><\/p>\n\n\n\n\n\n\n\n\n\n<h5>Departamento Henequenes&nbsp; -RENTA-<br><\/h5>\n\n<p style=\"text-align: center; \"><span style=\"font-family: Sen; font-weight: 700;\">Precio Renta $15,000 MXN amueblado <br>con mantenimiento incluido.<br><\/span><br>Propiedad en el Club de Golf La Ceiba<br><br>C\u00f3modo departamento amueblado en planta baja.<br><br>Este departamento lo encuentras en un complejo de 13 unidades. <br><br>Es perfecto para adultos mayores porque est\u00e1 en planta baja, ideal para estudiantes de la UNIMAYAB ya que el fraccionamiento tiene salida en la parte de atr\u00e1s hacia la Universidad y se puede ir en bicicleta, o bien para ejecutivos si buscan un lugar tranquilo.<br><br>Estancia, Cocina, Closet de blancos, Rec\u00e1mara principal <br>con ba\u00f1o y closet.<br>Rec\u00e1mara secundaria con closet, Ba\u00f1o y \u00c1rea de Lavado.<br><br>&nbsp;<strong>EQUIPAMIENTO\n<\/strong><br>&nbsp;Cortinas en las habitaciones, Aires acondicionados <br>en las rec\u00e1maras y estancia.<br>Ventiladores en todo el departamento.<br>1 caj\u00f3n de estacionamiento y \u00c1rea com\u00fan.<br><br><em style=\"font-weight: bold;\">**Precios sujetos a cambio sin previo aviso.<\/em><br><em style=\"font-weight: bold;\">**No incluye gastos notariales.<\/em><br><em style=\"font-weight: bold;\">**El mobiliario puede ser diferente al mostrado en las im\u00e1genes.<\/em><br><\/p>\n\n\n\n\n\n\n\n\n\n\n\n\n\n\n\n<h5>TERRENO CON CEIBA<br><\/h5>\n\n<p style=\"text-align: center; \"><span style=\"font-family: Sen;\"><strong>Precio Venta $7,000 M2<br><\/strong><\/span><span style=\"font-family: Sen;\">Cercado con malla cicl\u00f3nica del lado del campo.<br>De tama\u00f1o irregular con 5,186.08 m2<br><br><\/span><span style=\"font-family: Sen;\">En la calle m\u00e1s cotizada del Club de Golf La Ceiba, en una glorieta arbolada y con una vista hermosa al campo del hoyo 15, se ubica este excelente terreno.\n<br><br>Majestuosa Ceiba, algarrobo y otros \u00e1rboles de la regi\u00f3n, embellecen el entorno de esta tierra.\n<br><br><\/span><em style=\"font-family: Sen;\">** Precio sujeto a cambio sin previo aviso <br>&nbsp;** El precio de la propiedad no <br>incluye gastos notariales ni impuestos <br>**El precio final puede variar seg\u00fan <br>el m\u00e9todo de pago que se elija.<br><br><\/em><\/p>\n\n\n\n\n\n\n\n\n\n\n\n\n<h5>LA Casa COLONIAL -VENTA-<br><\/h5>\n\n<p style=\"text-align: center; \"><span style=\"font-family: Sen;\"><strong>Precio Venta $7\u00b4200,000.00 MXN<br><\/strong><\/span><\/p>\n<p style=\"text-align: center; \"><span style=\"font-family: Sen;\">CASA TIPO COLONIAL MEXICANO EN 2 PLANTAS CON VISTA AL CAMPO Y A LA AVE. PRINCIPAL DEL FRACCIONAMIENTO\n<br><br>Con terreno irregular de 24 x 39 aproximadamente\n<br>Terreno 752m2 y Construcci\u00f3n 295m2<br>Casa construida en 2 plantas\n<br><br><\/span>Propiedad en el Club de Golf La Ceiba <br><span style=\"font-family: Sen;\"><br><b> ABAJO\n<\/b><br>Recibidor, Sala con c\u00fapula de ladrillo\nComedor, Cocina, \nRec\u00e1mara secundaria con closet y ba\u00f1o que da servicio al \u00e1rea social.\n<br>Terraza, piscina, Jard\u00edn adelante y atr\u00e1s, <br>adem\u00e1s de un \u00e1rea de lavado.\n<br>Cochera techada para dos autos.<br><br><b>ARRIBA\n<\/b><br>Escalera con pasamanos de herrer\u00eda, Rec\u00e1mara secundaria con ba\u00f1o, closet y vista a la calle,\nRec\u00e1mara principal con vestidor,  ba\u00f1o con tina y terraza con vista al jard\u00edn y al campo de golf.<br><br><strong>EQUIPAMIENTO\n<br><\/strong>Aires acondicionados en las 3 habitaciones.<br>Pozo, Bomba para riego y llenado de la alberca.<\/span><\/p><p style=\"text-align: center; \"><span style=\"font-family: Sen;\"><br><\/span><em style=\"font-family: Sen;\">** Precio sujeto a cambio sin previo aviso <br>&nbsp;** El precio de la propiedad no <br>incluye gastos notariales ni impuestos <br>&nbsp;**El precio final puede variar seg\u00fan el m\u00e9todo de pago que se elija. <br>&nbsp;** No incluye muebles\n<\/em><\/p>\n\n\n\n\n\n\n\n\n\n\n\n\n<h5>LA CASA DE LAS DOS VISTAS -RENTA-<br><\/h5>\n\n<p style=\"text-align: center; \"><span style=\"font-family: Sen;\"><strong>Precio Renta $40,000 MXN<br><\/strong><\/span><span style=\"font-family: Sen;\">Casa en una planta amueblada y c\u00f3moda.<br><\/span><span style=\"font-family: Sen;\"><br>&nbsp;Casa con vista al campo por el frente y por la parte de atr\u00e1s.<br><br>Ubicada en una calle interna, cerrada, muy tranquila y desde donde puedes irte caminando al Club.<br><br><\/span>Propiedad en el Club de Golf La Ceiba <br><span style=\"font-family: Sen;\"><br>&nbsp;Recibidor, Sala, Comedor, Cocina vestida con refrigerador, estufa de 4 quemadores, lavavajillas y microondas.<br><br>1\/2 ba\u00f1o de visitas, Closet de blancos\nRec\u00e1mara principal con closet y ba\u00f1o (vista al jard\u00edn y a la terraza), \n2 rec\u00e1maras secundarias con closet y comparten ba\u00f1o.<br><br>Terraza y jard\u00edn adelante y atr\u00e1s\n\n\u00c1rea de lavado y tendido de ropa, Cuarto de servicio con ba\u00f1o, Bodega y <br>Cochera techada para 2 autos.<br><br><\/span><\/p><p style=\"text-align: center; \"><span style=\"font-family: Sen;\"><strong>Equipamiento<br><\/strong>&nbsp;Cortinas y aire acondicionado en cada una de las habitaciones.&nbsp; Ba\u00f1o de las habitaciones secundarias con cristal templado y mueble bajo lavabo.<br>&nbsp;La sala y el comedor cuentan con aire acondicionado.<br><br><\/span><em style=\"font-family: Sen;\">** Precio sujeto a cambio sin previo aviso <br>&nbsp;** El precio de la propiedad no <br>incluye gastos notariales ni impuestos <br>&nbsp;**Los muebles mostrados en las im\u00e1genes pueden variar\n<\/em><\/p>\n\n\n\n\n\n\n\n\n\n<h5>CASA DE LOS ALGARROBOS\n -VENTA\/RENTA-<br><\/h5>\n\n<p style=\"text-align: center; \"><span style=\"font-weight: 700; font-family: Sen;\">Precio Venta $12\u00b4815,000 MXN<br><\/span><span style=\"font-family: Sen; font-weight: 700;\">Precio Renta $45,000 MXN<\/span><br style=\"font-family: Sen; font-weight: 700;\"><br>&nbsp;Terreno 1,080 m2 y construcci\u00f3n 358 m2\n<br>Ubicada en el Club de Golf la Ceiba.<br><br><strong>Casa en 1 planta\n<br><\/strong><br>Recibidor, medio ba\u00f1o de visitas, estancia, cocina, despensa, desayunador, estudio a doble altura con a\/a, <br>terraza, alberca y jard\u00edn.<br><br>&nbsp;Rec\u00e1mara principal con vestidor y ba\u00f1o y 2 rec\u00e1maras secundarias cada una con ba\u00f1o, una con closet y otra con vestidor.\n\n\u00c1rea de lavado y tendido de ropa, cuarto de servicio con ba\u00f1o y cochera techada para 2 autos.<br><br><strong>EQUIPAMIENTO:<\/strong> Aires en rec\u00e1maras y estudio, Ventiladores en toda la casa, Pozo y Riego.<br><br><em>**Precios sujetos a cambio sin previo aviso.<\/em><br><em>**No incluye muebles<\/em><br><em>**El precio de la propiedad no incluye<\/em><br><em>gastos notariales e impuestos.<\/em><br><em>**El precio final puede variar seg\u00fan el m\u00e9todo de pago que se elija.<\/em><br><\/p>\n\n\n\n\n\n\n\n\n\n\n\n\n\n\n\n<h5>Casa EN AVENIDA -VENTA-<br><\/h5>\n\n<p style=\"text-align: center; \"><span style=\"font-family: Sen;\"><strong>Precio Venta $15\u00b4500,000 MXN<br><\/strong>Casa en dos Plantas\n<br><br>&nbsp;Terreno 1,713.36 m2 y 525 m2 de construcci\u00f3n \n<br><\/span>Propiedad en el Club de Golf La Ceiba <br><span style=\"font-family: Sen;\"><br>&nbsp;<strong>ABAJO:<\/strong> \nSala,&nbsp;<\/span><span style=\"font-family: Sen;\">Comedor amplio a doble altura<\/span><span style=\"font-family: Sen;\">, 1\/2 ba\u00f1o de visitas y Family Room. Amplia cocina vestida con cubierta de granito, isla y antecomedor, Terraza, Jard\u00edn adelante y atr\u00e1s, Piscina grande, Cuarto de servicio con ba\u00f1o y closet, Lavander\u00eda, Cochera techada para 3 autos y bodega con dos cl\u00f3sets adicionales<\/span><\/p><p style=\"text-align: center; \"><span style=\"font-family: Sen;\"><br><strong>&nbsp;ARRIBA:<\/strong>&nbsp;Pasillo distribuidor de habitaciones, Cl\u00f3set de blancos, Rec\u00e1mara principal con vista a la calle, vestidor y ba\u00f1o amplio. <br><br>Dos rec\u00e1maras con ba\u00f1o y amplio lavabo exterior, una con cl\u00f3set y una con vestidor.<br><br><\/span><em style=\"font-family: Sen;\">** Precio sujeto a cambio sin previo aviso <br>&nbsp;** El precio de la propiedad no <br>incluye gastos notariales ni impuestos <br>&nbsp;**El precio final puede variar seg\u00fan el m\u00e9todo de pago que se elija. <br>&nbsp;** No incluye muebles\n<\/em><\/p>\n\n\n\n\n\n\n\n\n\n<h5>CASA DE LA GLORIETA\n -VENTA-<br><\/h5>\n\n<p style=\"text-align: center; \"><span style=\"font-weight: 700; font-family: Sen;\">Precio Venta $11,000,000 MXN<br><\/span>Casa en una planta con excelente terreno adelante y atr\u00e1s. <br><br>Propiedad para remodelar en el Club de Golf La Ceiba<br>Terreno 1,893 m2 y construcci\u00f3n 372 m2\n<br><br><strong>Descripci\u00f3n del inmueble<br><\/strong>Propiedad con un patio central interior, estancia, antecomedor, cocina integral con cubierta de granito e isla.\n<br><br>Terraza, bar, ba\u00f1o completo para visitas en la zona del jard\u00edn posterior.\nPiscina de 15 x 4 y acabado de chukum. <br><br><span style=\"font-weight: 700;\">&nbsp;<\/span>Rec\u00e1mara principal con vestidor y ba\u00f1o. 2 rec\u00e1maras secundarias con cl\u00f3set y ba\u00f1o compartido.<br><br>Cuarto de servicio con ba\u00f1o y cl\u00f3set y con instalaciones para lavadora y secadora.<br><br>La edad de la casa es de aproximadamente 45 a\u00f1os\n\n<em><br><br>**Precios sujetos a cambio sin previo aviso.\n<br>**El precio de la propiedad no incluye <br>gastos notariales e impuestos.\n<br>**El precio final puede variar seg\u00fan el m\u00e9todo de pago que se elija.<br>**No incluye muebles<\/em><\/p>\n\n\n\n\n\n\n\n\n\n\n\n\n\n\n\n<h5>TERRENO XCANAT\u00daN -VENTA-<br><\/h5>\n\n<p style=\"text-align: center; \"><span style=\"font-family: Sen;\"><strong>Precio Venta $2,500 M2<br><br><\/strong><\/span><span style=\"font-family: Sen;\">&nbsp;Terreno de 3,885 m2 <br>Medidas 40 x 96 aproximadamente<\/span><br style=\"font-family: Sen;\"><span style=\"font-family: Sen;\"><strong><br><\/strong>Cerca de la Carretera M\u00e9rida-Progreso y de la gasolinera Abimerhi se localiza este magn\u00edfico terreno ideal para departamentos, lofts, town houses, etc.\n<br><br><\/span><em style=\"font-family: Sen;\">**Precios sujetos a cambio sin previo aviso.\n<br>**El precio de la propiedad no incluye <br>gastos notariales e impuestos.\n<br>**El precio final puede variar seg\u00fan el m\u00e9todo de pago que se elija.\n<\/em><\/p>\n\n\n\n\n\n\n\n\n\n\n\n\n<h5>&nbsp;LA CASA DEL PARQUE -VENTA-<\/h5>\n\n<p style=\"text-align: center; \"><font face=\"Sen\"><strong>PRECIO: $ 13\u00b4990,000<\/strong><\/font><span style=\"font-family: Sen;\"><strong>&nbsp;MXN<br><\/strong>Casa ubicada en el Club de Golf La Ceiba <\/span><\/p>\n<p style=\"text-align: center; \"><span style=\"font-family: Sen;\"><b>\u00a1LISTA PARA QUE TE MUDES!<br><\/b><br>&nbsp;Terreno 1,080 m2 y construcci\u00f3n 580 m2.\n<br><\/span><span style=\"font-family: Sen;\"><br>&nbsp;<strong>Abajo:<\/strong>\nRecibidor, Sala con vista al jard\u00edn, Medio ba\u00f1o de visitas, Estudio, Sala de T.V, Comedor, Cocina vestida con meseta de granito, antecomedor y despensa.&nbsp;<\/span><span style=\"font-family: Sen;\">Terraza y ba\u00f1o completo para la piscina y<\/span><span style=\"font-family: Sen;\">&nbsp;Jard\u00edn adelante y atr\u00e1s.<\/span><span style=\"font-family: Sen;\"><br><br>Lavander\u00eda, Cuarto de servicio con ba\u00f1o, Bodega para los aditamentos del jard\u00edn, Cochera techada para 3 autos y 3 bodegas.<br><br><strong>Arriba:<\/strong>\nAmplia escalera, Pasillo distribuidor para las habitaciones, Rec\u00e1mara principal con ba\u00f1o, doble lavabo, vestidor y balc\u00f3n con vista al jard\u00edn. Dos rec\u00e1maras secundarias con <br>cl\u00f3set, ba\u00f1o, balc\u00f3n y vista al jard\u00edn. <br><br><strong>Equipamiento:\n<\/strong>Las puertas de la sala y comedor son de madera de caoba con cristal. Todas las cortinas de la casa cuentan con una cenefa de madera. Las puertas de las regaderas de los ba\u00f1os son de cristal templado y&nbsp;cuentan con muebles bajo lavabo. Aires acondicionados en las rec\u00e1maras y la sala de TV. Sistema de riego autom\u00e1tico. Suavizador de agua e hidroneum\u00e1tico.<br><br><\/span><em style=\"font-family: Sen;\">**No incluye muebles.<\/em><span style=\"font-family: Sen;\">&nbsp;<br><em>**Precios sujetos a cambio sin previo aviso. <br><\/em><\/span><span style=\"font-family: Sen;\"><em>**El precio de la propiedad no incluye <br>gastos notariales e impuestos.\n<br>**El precio final puede variar seg\u00fan el m\u00e9todo de pago que se elija.<\/em><\/span><\/p>\n\n\n\n\n\n\n\n\n\n\n\n\n<h5>Casa Xcanat\u00fan -VENTA Y RENTA-<\/h5>\n\n<p style=\"text-align: center; \"><span style=\"font-family: Sen;\"><strong>Precio Venta $5&#8217;500,000 MXN<br>Precio Renta $25,000 mensual<br><\/strong>Linda casita con excelente mantenimiento. <br>Construida en una planta.\n<br><br>&nbsp;Terreno 451 m2 y Construcci\u00f3n 196 m2\n<br><\/span>Ubicada en la Privada Xcanat\u00fan.<br><span style=\"font-family: Sen;\"><br>&nbsp;Estancia, cocina abierta, 1\/2 ba\u00f1o de visitas, 2 habitaciones con vestidor y ba\u00f1o, closet de blancos, jard\u00edn, \u00e1rboles frutales, terraza, p\u00e9rgola, alberca, \u00e1rea de lavander\u00eda con closet, ba\u00f1o de servicio, cochera techada para 2 autos y bodega.<br><br><strong>Equipamiento:<\/strong> Pozo, bomba para llenar la piscina, aires acondicionados en habitaciones y estancia, ventiladores, cortinas, port\u00f3n el\u00e9ctrico.\n<br><br><\/span><em style=\"font-family: Sen;\">**No incluye muebles.<\/em><span style=\"font-family: Sen;\">&nbsp;<br><em>**Precios sujetos a cambio sin previo aviso. <br><\/em><\/span><span style=\"font-family: Sen;\"><em>**El precio de la propiedad no incluye <br>gastos notariales e impuestos.\n<br>**El precio final puede variar seg\u00fan el m\u00e9todo de pago que se elija.<\/em><\/span><\/p>\n\n\n\n\n\n\n\n\n\n<h5>CASA ALEM\u00c1N -VENTA-<\/h5>\n\n<p style=\"text-align: center; \"><strong>Precio Venta $ 6\u00b4500,000 MXN<br><\/strong><br>INMUEBLE COMERCIAL PARA DIVERSOS GIROS<br><br>Terreno 508m2. Construcci\u00f3n 514m2.\n<br>Medidas: 16m de frente x 31 de fondo, de figura irregular.<br><br>&nbsp;Propiedad en 3 plantas.<br><br><\/p><p style=\"text-align: center;\"><b>A NIVEL DE CALLE\n<\/b><\/p><p style=\"text-align: center;\">Cuarto de servicio con ba\u00f1o, Lavander\u00eda y pasillo desde la cochera con salida a la piscina\n<\/p><p style=\"text-align: center;\"><br><b>PRIMER PISO\n<\/b><\/p><p style=\"text-align: center;\">El ingreso a la casa est\u00e1 aproximadamente .50cms arriba de la calle. <br>Estancia, Sala, Comedor, 1\/2 ba\u00f1o de visitas, Oficina, Cocina, Despensa, Terraza y Alberca\n<br><br><b>&nbsp;ENTREPISO\n<br><\/b>&nbsp;A media escalera est\u00e1 una habitaci\u00f3n con 3 espacios.\n<br><br><b>&nbsp;SEGUNDO PISO\n<br><\/b>&nbsp;Pasillo distribuidor de habitaciones, Sala de T.V., 2 rec\u00e1maras con cl\u00f3set cada una, Ba\u00f1o completo, Rec\u00e1mara principal con cl\u00f3set de pared a pared y ba\u00f1o.<br><br>&nbsp;Cochera techada para 2 autos<em><br><br>**Precio sujeto a cambio sin previo aviso.\n<br>**El precio de la propiedad no incluye <br>gastos notariales e impuestos.\n<br>**El precio final puede variar seg\u00fan el m\u00e9todo de pago que se elija\n<\/em><br><\/p>\n\n\n\n\n\n\n\n\n\n\n\n\n<h5>LA CASA DE LA PRIVADA -VENTA-<\/h5>\n\n<p style=\"text-align: center; \"><strong>Precio Venta $ 9\u00b4000,000 MXN<br>Precio Renta $40,000 MXN Incluye Mantenimiento y Seguridad<br><\/strong><br>Terreno 726.02 m2&nbsp; Construcci\u00f3n 352.71 m2 m\u00e1s \u00e1reas comunes<br><br>Esta propiedad est\u00e1 al Norte de la Ciudad dentro de una privada de 19&nbsp;lotes&nbsp;donde hay un \u00e1rea comun y un peque\u00f1o parque para los ni\u00f1os.\nCerca de la Universidad del Mayab, la UVM, el Colegio Madisson, The Workshop, Plaza Galer\u00edas, la Gran Plaza <br>y&nbsp;a 30 kms. de Progreso.<br><br><strong>Casa en una planta<br><\/strong><br>Recibidor, Estancia, Medio ba\u00f1o de visitas, Cocina vestida, Despensa, Estudio, Rec\u00e1mara principal con vestidor y ba\u00f1o y un espacio para gimnasio.\n<br><br>Dos habitaciones cada una con ba\u00f1o y vestidor, Terraza, Alberca, Jard\u00edn, Lavander\u00eda, Cuarto de servicio con ba\u00f1o, Cochera techada para 2 autos y 2 bodegas.<br><br><strong>Equipamiento<\/strong>:\nAires en toda la casa, Cortinas en las habitaciones, Riego autom\u00e1tico, Hidroneum\u00e1tico y Calentador.<br><br><\/p><p style=\"text-align: center;\"><em>**Precio sujeto a cambio sin previo aviso.\n<br>**El precio de la propiedad no incluye <br>gastos notariales e impuestos.\n<br><\/em><em style=\"font-family: Sen;\">&nbsp;** No incluye muebles<\/em><em><br>**El precio final puede variar seg\u00fan el m\u00e9todo de pago que se elija\n<\/em><br><\/p>\n\n\n\n\n\n\n\n\n\n\n\n\n<h5>ESTRENA DEPARTAMENTO <br>EN CHOLUL -VENTA-<\/h5>\n\n<p style=\"text-align: center; \"><span style=\"font-weight: 700; font-family: Sen;\">Precio Venta $2&#8217;050,000 MXN<br><\/span>Departamento en primer piso.&nbsp; <br><br>Construcci\u00f3n 57.3 m2\n<br><br>&nbsp; Estancia, cocina abierta, espacio para lavadora, 1\/2 ba\u00f1o de visitas, rec\u00e1mara, closet, ba\u00f1o, 1 caj\u00f3n de estacionamiento.<br><br><strong>AMENIDADES<br><\/strong>Casa club, alberca, terraza con asadores, \u00e1rea para trabajar, control de acceso.<br><br><strong>EQUIPAMIENTO<br><\/strong>Cubierta de granito en cocina y muebles de madera, parrilla el\u00e9ctrica, mesetas de m\u00e1rmol en los lavabos, calentador el\u00e9ctrico.<br><br><em>**Algunas im\u00e1genes son ilustrativas.<br>**Precios sujetos a cambio sin previo aviso.<br>**El precio de la propiedad no incluye\n<br>gastos notariales e impuestos.<br>**El precio final puede variar seg\u00fan el m\u00e9todo de pago que se elija.<\/em><\/p>\n\n\n\n\n\n\n\n\n\n\n\n\n<h5>CASA DEL P\u00c1JARO TH\u00d3 -VENTA-<\/h5>\n\n<p style=\"text-align: center; \"><span style=\"font-weight: 700; font-family: Sen;\">Precio Venta $7\u00b4500,000.00 MXN<br><br>Terreno 1,096m2 y Construcci\u00f3n 646m2<br><br><\/span>CASA DE UNA PLANTA <br>DENTRO DE LA PRIVADA &#8220;CALLEJONES DE CHUBURN\u00c1&#8221;\n<br><br>Situada en esquina con terreno irregular y medidas aproximadas de 22 de frente por 45 de fondo, te ofrezco esta propiedad que te describo a continuaci\u00f3n:\n<br><br>Patio al frente de la casa, Estancia, Estudio, Sala, Comedor, Antecomedor, Cocina con cubierta de granito y barra\n2 despensas.<br><br>Lavander\u00eda, Cuarto de servicio con closet y ba\u00f1o.<br><br>1\/2 ba\u00f1o de visitas, Sala de TV, Cl\u00f3set de blancos, <br>Rec\u00e1mara con vestidor y ba\u00f1o.<br><br>Pasillo distribuidor de habitaciones, Rec\u00e1mara secundaria con vestidor y ba\u00f1o, Rec\u00e1mara principal con vista al jard\u00edn y la terraza, vestidor y ba\u00f1o.<br><br>Terraza, Jard\u00edn, Piscina, 1\/2 ba\u00f1o para la alberca.<br><br>Independiente a la casa se encuentra un \u00e1rea que puede servir como oficina, cuarto de juegos, <br>sal\u00f3n de usos m\u00faltiples con 1\/2 ba\u00f1o.<br><br>Cochera techada para 4 autos y 3 bodegas.<br><br><b>EQUIPAMIENTO\n<\/b><br>Ventaner\u00eda de madera en toda la casa, Closets vestidos, Muebles de madera bajo lavabo, Aires acondicionados y ventiladores en las habitaciones.<br><br>Pozo\nBomba para llenar la piscina y para el riego.<br><br><em>**Algunas im\u00e1genes son ilustrativas.<br>**Precios sujetos a cambio sin previo aviso.<br>**El precio de la propiedad no incluye\n<br>gastos notariales e impuestos.<br>**El precio final puede variar seg\u00fan el m\u00e9todo de pago que se elija.<\/em><\/p>\n\n\n\n\n\n\n\n\n\n\n\n\n\n\n\n<h5>terrenos cercanos a la hacienda de Xcanat\u00fan -VENTA-<\/h5>\n\n<p style=\"text-align: center; \"><span style=\"font-family: Sen;\"><strong>Precio Venta $2,500.00 M2 MXN<br><\/strong><br>Medidas 20m x 60m <em><br><br>**Precios sujetos a cambio sin previo aviso.\n<br>**El precio de la propiedad no incluye <br>gastos notariales e impuestos.\n<br>**El precio final puede variar seg\u00fan el m\u00e9todo de pago que se elija.<\/em><\/span><\/p>\n\n\n\n\n\n\n\n\n\n\n\n\n\n\n","protected":false},"excerpt":{"rendered":"","protected":false},"author":3,"featured_media":0,"parent":0,"menu_order":0,"comment_status":"closed","ping_status":"closed","template":"","meta":[],"_links":{"self":[{"href":"https:\/\/casamateus.mx\/index.php\/wp-json\/wp\/v2\/pages\/34"}],"collection":[{"href":"https:\/\/casamateus.mx\/index.php\/wp-json\/wp\/v2\/pages"}],"about":[{"href":"https:\/\/casamateus.mx\/index.php\/wp-json\/wp\/v2\/types\/page"}],"author":[{"embeddable":true,"href":"https:\/\/casamateus.mx\/index.php\/wp-json\/wp\/v2\/users\/3"}],"replies":[{"embeddable":true,"href":"https:\/\/casamateus.mx\/index.php\/wp-json\/wp\/v2\/comments?post=34"}],"version-history":[{"count":180,"href":"https:\/\/casamateus.mx\/index.php\/wp-json\/wp\/v2\/pages\/34\/revisions"}],"predecessor-version":[{"id":968,"href":"https:\/\/casamateus.mx\/index.php\/wp-json\/wp\/v2\/pages\/34\/revisions\/968"}],"wp:attachment":[{"href":"https:\/\/casamateus.mx\/index.php\/wp-json\/wp\/v2\/media?parent=34"}],"curies":[{"name":"wp","href":"https:\/\/api.w.org\/{rel}","templated":true}]}}