{"id":33,"date":"2023-09-27T19:39:55","date_gmt":"2023-09-27T19:39:55","guid":{"rendered":"https:\/\/casamateus.mx\/index.php\/contact\/"},"modified":"2024-04-22T18:31:56","modified_gmt":"2024-04-22T18:31:56","slug":"contacto","status":"publish","type":"page","link":"https:\/\/casamateus.mx\/index.php\/contacto\/","title":{"rendered":"Contacto"},"content":{"rendered":"\n\n\n<h3>Contacto<\/h3>\n\n\n\n<p>Si est\u00e1s buscando o necesitas vender una propiedad, estamos aqu\u00ed para ayudarte. Nuestro compromiso es brindarte un servicio personalizado y encontrar la soluci\u00f3n para tus necesidades. No dudes en contactarnos y para comenzar esta emocionante aventura.<\/p><span style=\"font-size: 12px;\"><br><\/span>\n\n\n\n\n\n\n\n\n\n\n\n\n\n","protected":false},"excerpt":{"rendered":"","protected":false},"author":3,"featured_media":0,"parent":0,"menu_order":0,"comment_status":"closed","ping_status":"closed","template":"","meta":[],"_links":{"self":[{"href":"https:\/\/casamateus.mx\/index.php\/wp-json\/wp\/v2\/pages\/33"}],"collection":[{"href":"https:\/\/casamateus.mx\/index.php\/wp-json\/wp\/v2\/pages"}],"about":[{"href":"https:\/\/casamateus.mx\/index.php\/wp-json\/wp\/v2\/types\/page"}],"author":[{"embeddable":true,"href":"https:\/\/casamateus.mx\/index.php\/wp-json\/wp\/v2\/users\/3"}],"replies":[{"embeddable":true,"href":"https:\/\/casamateus.mx\/index.php\/wp-json\/wp\/v2\/comments?post=33"}],"version-history":[{"count":13,"href":"https:\/\/casamateus.mx\/index.php\/wp-json\/wp\/v2\/pages\/33\/revisions"}],"predecessor-version":[{"id":436,"href":"https:\/\/casamateus.mx\/index.php\/wp-json\/wp\/v2\/pages\/33\/revisions\/436"}],"wp:attachment":[{"href":"https:\/\/casamateus.mx\/index.php\/wp-json\/wp\/v2\/media?parent=33"}],"curies":[{"name":"wp","href":"https:\/\/api.w.org\/{rel}","templated":true}]}}