{"id":301,"date":"2024-02-19T18:10:41","date_gmt":"2024-02-19T18:10:41","guid":{"rendered":"https:\/\/casamateus.mx\/?page_id=301"},"modified":"2024-03-12T17:06:46","modified_gmt":"2024-03-12T17:06:46","slug":"aviso-de-privacidad","status":"publish","type":"page","link":"https:\/\/casamateus.mx\/index.php\/aviso-de-privacidad\/","title":{"rendered":"Aviso de Privacidad"},"content":{"rendered":"\n\n\n\n\n<h3>Aviso de Privacidad Integral<\/h3>\n\n<p>Se presenta este aviso en cumplimiento de la Ley Federal de Protecci\u00f3n de Datos Personales en Posesi\u00f3n de los particulares (en adelante \u201cla ley\u201d).<br><\/p><p>ANG\u00c9LICA DEL ROC\u00cdO MATEUS CASTRO hace del conocimiento de los TITULARES que los Datos Personales que se traten, ser\u00e1n manejados de manera CONFIDENCIAL, limitando su uso a las finalidades descritas en el presente Aviso de Privacidad.&nbsp; &nbsp;<\/p><p>As\u00ed mismo nos apegamos al convenio 108 del reglamento de Protecci\u00f3n de Datos Personales de la Uni\u00f3n Europea, cumpliendo con los principios fundamentales, de dicho reglamento de forma l\u00edcita y transparente, fines espec\u00edficos, solo deben recopilarse y tratarse los datos personales que sean necesarios para cumplir esa finalidad, compatibles, no se conservan m\u00e1s tiempo del necesario y existen garant\u00edas t\u00e9cnicas y organizativas que garantizan la seguridad de los datos personales. (Todo esto dentro de los mecanismos, procedimientos y candados jur\u00eddicos administrativos establecidos para mayor seguridad y tratamiento de los datos personales dentro de la empresa).<strong><br><br><\/strong><\/p><p><strong>IDENTIDAD Y DOMICILIO DEL RESPONSABLE.<\/strong><\/p><p>Ang\u00e9lica del Roc\u00edo Mateus Castro (En adelante \u201cCASA MATEUS\u201d) con domicilio para recibir notificaciones en Bugambilias # 9 depto. H, Club de Golf La Ceiba M\u00e9rida, Yucat\u00e1n. M\u00e9xico, C.P. 97302, es responsable del uso y protecci\u00f3n de los datos personales que trata y al respecto le informamos:<br><br><\/p><p><b>FINALIDADES DEL TRATAMIENTO.<\/b><\/p><p>Sus datos personales podr\u00e1n ser tratados para las siguientes finalidades primarias:<\/p><p>A. Clientes: Cotizar, facturar, comprar, vender y rentar bienes inmuebles.<\/p><p>B. Proveedores: Cotizar, adquirir y recibir bienes y servicios.<\/p><p><br><\/p><p>Los datos personales en posesi\u00f3n de CASA MATEUS no ser\u00e1n tratados para finalidades secundarias y accesorias.<\/p><p>En caso de ser requerido por alg\u00fan tercero o autoridad, este tendr\u00e1 que solicitar a trav\u00e9s de alg\u00fan mandado de autoridad competente.<\/p><p>&nbsp;<\/p><p><b>DATOS PERSONALES TRATADOS.<\/b><\/p><p>Para las finalidades mencionadas podemos recabar sus datos personales por: escrito, tel\u00e9fono, correo electr\u00f3nico, fuentes de acceso p\u00fablico.<\/p><p>Los datos personales recabados para las finalidades primarias son en el caso de:&nbsp;<\/p><p>\u2022 De los clientes son obligatorios<\/p><p>Nombre, domicilio, tel\u00e9fono, celular, correo electr\u00f3nico, CURP, INE (FOLIO), acta de nacimiento, acta de matrimonio, acta de divorcio (estado civil), n\u00famero de seguridad social, escrituras, recibos prediales, ocupaci\u00f3n, forma de pago y n\u00famero de cuenta bancaria, constancia de no adeudo predial, agua potable, cedula catastral, CFDI de compra de la propiedad, aval\u00fao propiedad, recibos de n\u00f3mina, acta constitutiva y poder.<\/p><p>Los datos opcionales recabados para las finalidades secundarias, mismos que se colectan con el consentimiento t\u00e1cito de los clientes son: Nombre, tel\u00e9fono, firma y correo electr\u00f3nico.<\/p><p>Datos de facturaci\u00f3n: raz\u00f3n social, domicilio (calle, n\u00famero exterior, n\u00famero interior, colonia, c\u00f3digo postal, localidad) Ciudad (ciudad, municipio, estado, pa\u00eds) RFC, correo electr\u00f3nico (e-mail) y constancia de situaci\u00f3n fiscal<\/p><p>\u2022 De los proveedores (personas f\u00edsicas y morales) con quienes se mantiene una relaci\u00f3n comercial o profesional para las finalidades primarias, son los m\u00ednimos establecidos por otras leyes del Estado Mexicano, por los que no ser\u00e1n considerados como datos personales, seg\u00fan el art\u00edculo 5 del reglamento de la Ley Federal de Protecci\u00f3n de Datos Personales en Posesi\u00f3n de Particulares.&nbsp;<\/p><p><br><\/p><p><b>MEDIOS Y EL PROCEDIMIENTO PARA EJERCER DERECHOS ARCO<\/b><\/p><p>Para acceder, rectificar y cancelar u oponerse al tratamiento de sus datos personales, favor de enviar correo electr\u00f3nico a angelica.mateus2014@gmail.com con:<\/p><p>\u2022 Solicitud por escrito (original y copia)<\/p><p>\u2022 Identificaci\u00f3n oficial (original y copia)<\/p><p><br><\/p><p>Para conocer m\u00e1s sobre los procedimientos y requisitos para el ejercicio de sus derechos ARCO, haga una cita con la C. Ang\u00e9lica del Roc\u00edo Mateus Castro. Correo angelica.mateus2014@gmail.com encargado de la Protecci\u00f3n de Datos Personales o al tel\u00e9fono 9999474000<\/p><p>Es importante que tenga en cuenta que no en todos los casos podremos atender su solicitud de cancelaci\u00f3n de forma inmediata, ya que es posible que por alguna obligaci\u00f3n legal requiramos seguir tratando sus datos personales, en dichos casos se aplicar\u00e1 el bloqueo correspondiente.<br><br><\/p><p><b>MECANISMOS Y PROCEDIMIENTOS PARA REVOCAR EL CONSENTIMIENTO AL TRATAMIENTO DE SUS DATOS PERSONALES&nbsp;&nbsp;<\/b><\/p><p>Le informamos que, para revocar el consentimiento otorgado para el tratamiento de sus datos personales, s\u00edrvase enviar correo electr\u00f3nico a: angelica.mateus2014@gmail.com con:&nbsp;<\/p><p>\u2022 Solicitud por escrito (original y copia)<\/p><p>\u2022 Identificaci\u00f3n oficial (original y copia)<br><br><\/p><p><b>USO DE COOKIES, WEB BEACONS O TECNOLOGIA SIMILAR.<\/b><\/p><p>CASA MATEUS le informa que nuestra p\u00e1gina de internet casamateus.com.mx utiliza cookies, web beacons o tecnolog\u00edas similares que recaban datos personales que nos permiten consultar estad\u00edsticas sobre ciudades, estados o pa\u00edses desde que se accede a la misma, tiempo de navegaci\u00f3n en nuestro sitio, secciones y p\u00e1ginas consultadas. Para limitar el uso de estas tecnolog\u00edas consulte las preferencias de privacidad establecidas en su navegador de p\u00e1ginas WEB.<br><br><\/p><p><b>PROCEDIMIENTOS Y MEDIOS POR LOS CUALES EL RESPONSABLE COMUNICAR\u00c1 CAMBIOS EN EL AVISO DE PRIVACIDAD.<\/b><\/p><p>El presente aviso de privacidad puede sufrir modificaciones, cambios o actualizaciones derivadas de nuevos requerimientos legales; de nuestras propias necesidades por los productos o servicios que ofrecemos, de nuestras pr\u00e1cticas de privacidad, de cambios en nuestro modelo de negocio, o por otras causas.<\/p><p>Nos comprometemos informarle sobre los cambios que pueda sufrir el presente aviso de privacidad a trav\u00e9s del aviso de privacidad integral exhibido en nuestras instalaciones o en nuestra p\u00e1gina casamateus.com.mx<br><br><\/p><p>Este aviso se actualiz\u00f3 y public\u00f3 el 27 de enero de 2024.<\/p>\n\n\n\n\n","protected":false},"excerpt":{"rendered":"","protected":false},"author":3,"featured_media":0,"parent":0,"menu_order":0,"comment_status":"closed","ping_status":"closed","template":"","meta":[],"_links":{"self":[{"href":"https:\/\/casamateus.mx\/index.php\/wp-json\/wp\/v2\/pages\/301"}],"collection":[{"href":"https:\/\/casamateus.mx\/index.php\/wp-json\/wp\/v2\/pages"}],"about":[{"href":"https:\/\/casamateus.mx\/index.php\/wp-json\/wp\/v2\/types\/page"}],"author":[{"embeddable":true,"href":"https:\/\/casamateus.mx\/index.php\/wp-json\/wp\/v2\/users\/3"}],"replies":[{"embeddable":true,"href":"https:\/\/casamateus.mx\/index.php\/wp-json\/wp\/v2\/comments?post=301"}],"version-history":[{"count":2,"href":"https:\/\/casamateus.mx\/index.php\/wp-json\/wp\/v2\/pages\/301\/revisions"}],"predecessor-version":[{"id":314,"href":"https:\/\/casamateus.mx\/index.php\/wp-json\/wp\/v2\/pages\/301\/revisions\/314"}],"wp:attachment":[{"href":"https:\/\/casamateus.mx\/index.php\/wp-json\/wp\/v2\/media?parent=301"}],"curies":[{"name":"wp","href":"https:\/\/api.w.org\/{rel}","templated":true}]}}